{"id":54,"date":"2013-03-11T21:15:04","date_gmt":"2013-03-11T21:15:04","guid":{"rendered":"http:\/\/www.lagow.de\/?page_id=54"},"modified":"2019-11-25T22:03:41","modified_gmt":"2019-11-25T21:03:41","slug":"ort-umgebung","status":"publish","type":"page","link":"https:\/\/www.lagow.de\/?page_id=54","title":{"rendered":"Der Ort"},"content":{"rendered":"<p><a title=\"Lagow bei Wikipedia\" href=\"http:\/\/de.wikipedia.org\/wiki\/%C5%81ag%C3%B3w_%28Powiat_%C5%9Awiebodzi%C5%84ski%29\" target=\"_blank\" rel=\"noopener noreferrer\">Lagow<\/a> ist ein wundersch\u00f6ner kleiner Ort mitten im naturgesch\u00fctzten Wald. Er liegt nur 45km von Frankfurt (Oder) entfernt. Im Ortskern gibt es eine Verbindung zwischen beiden Gletscherseen und so kann man, z.B. mit einem Tretbot, bequem beide Gew\u00e4sser erforschen. Es gibt es gute Einkaufsm\u00f6glichkeiten sowie tolle Restaurants und Caf\u00e9s zu sehr fairen Preisen.<\/p>\n<p><span style=\"text-decoration: underline;\">Freizeitm\u00f6glichkeiten vor Ort:<\/span>\u00a0 Kajak-\/Kanu-\/(Tret)botfahren, Schwimmen,\u00a0<a title=\"Tauchen in Lagow\" href=\"http:\/\/www.taucher.net\/edb\/Lagow_o3401.html\" target=\"_blank\" rel=\"noopener noreferrer\">Tauchen<\/a>, Wandern, Schlossbesichtigung, Radfahren, Reiten, Angeln (Pass vor Ort erh\u00e4ltlich)<\/p>\n\n\t\t<style type=\"text\/css\">\n\t\t\t#gallery-1 {\n\t\t\t\tmargin: auto;\n\t\t\t}\n\t\t\t#gallery-1 .gallery-item {\n\t\t\t\tfloat: left;\n\t\t\t\tmargin-top: 10px;\n\t\t\t\ttext-align: center;\n\t\t\t\twidth: 33%;\n\t\t\t}\n\t\t\t#gallery-1 img {\n\t\t\t\tborder: 2px solid #cfcfcf;\n\t\t\t}\n\t\t\t#gallery-1 .gallery-caption {\n\t\t\t\tmargin-left: 0;\n\t\t\t}\n\t\t\t\/* see gallery_shortcode() in wp-includes\/media.php *\/\n\t\t<\/style>\n\t\t<div id='gallery-1' class='gallery galleryid-54 gallery-columns-3 gallery-size-large'><dl class='gallery-item'>\n\t\t\t<dt class='gallery-icon landscape'>\n\t\t\t\t<img loading=\"lazy\" decoding=\"async\" width=\"584\" height=\"438\" src=\"https:\/\/www.lagow.de\/wp-content\/uploads\/2013\/03\/07.jpg\" class=\"attachment-large size-large\" alt=\"\" srcset=\"https:\/\/www.lagow.de\/wp-content\/uploads\/2013\/03\/07.jpg 800w, https:\/\/www.lagow.de\/wp-content\/uploads\/2013\/03\/07-300x225.jpg 300w, https:\/\/www.lagow.de\/wp-content\/uploads\/2013\/03\/07-400x300.jpg 400w\" sizes=\"auto, (max-width: 584px) 100vw, 584px\" \/>\n\t\t\t<\/dt><\/dl><dl class='gallery-item'>\n\t\t\t<dt class='gallery-icon portrait'>\n\t\t\t\t<img loading=\"lazy\" decoding=\"async\" width=\"584\" height=\"875\" src=\"https:\/\/www.lagow.de\/wp-content\/uploads\/2013\/03\/19.jpg\" class=\"attachment-large size-large\" alt=\"\" srcset=\"https:\/\/www.lagow.de\/wp-content\/uploads\/2013\/03\/19.jpg 600w, https:\/\/www.lagow.de\/wp-content\/uploads\/2013\/03\/19-200x300.jpg 200w\" sizes=\"auto, (max-width: 584px) 100vw, 584px\" \/>\n\t\t\t<\/dt><\/dl><dl class='gallery-item'>\n\t\t\t<dt class='gallery-icon landscape'>\n\t\t\t\t<img loading=\"lazy\" decoding=\"async\" width=\"584\" height=\"438\" src=\"https:\/\/www.lagow.de\/wp-content\/uploads\/2013\/03\/2008-05-02-7.jpg\" class=\"attachment-large size-large\" alt=\"\" srcset=\"https:\/\/www.lagow.de\/wp-content\/uploads\/2013\/03\/2008-05-02-7.jpg 1024w, https:\/\/www.lagow.de\/wp-content\/uploads\/2013\/03\/2008-05-02-7-300x225.jpg 300w, https:\/\/www.lagow.de\/wp-content\/uploads\/2013\/03\/2008-05-02-7-400x300.jpg 400w\" sizes=\"auto, (max-width: 584px) 100vw, 584px\" \/>\n\t\t\t<\/dt><\/dl><br style=\"clear: both\" \/><dl class='gallery-item'>\n\t\t\t<dt class='gallery-icon landscape'>\n\t\t\t\t<img loading=\"lazy\" decoding=\"async\" width=\"584\" height=\"329\" src=\"https:\/\/www.lagow.de\/wp-content\/uploads\/2013\/03\/2008-05-02-8.jpg\" class=\"attachment-large size-large\" alt=\"\" srcset=\"https:\/\/www.lagow.de\/wp-content\/uploads\/2013\/03\/2008-05-02-8.jpg 1024w, https:\/\/www.lagow.de\/wp-content\/uploads\/2013\/03\/2008-05-02-8-300x168.jpg 300w, https:\/\/www.lagow.de\/wp-content\/uploads\/2013\/03\/2008-05-02-8-500x281.jpg 500w\" sizes=\"auto, (max-width: 584px) 100vw, 584px\" \/>\n\t\t\t<\/dt><\/dl><dl class='gallery-item'>\n\t\t\t<dt class='gallery-icon landscape'>\n\t\t\t\t<img loading=\"lazy\" decoding=\"async\" width=\"584\" height=\"438\" src=\"https:\/\/www.lagow.de\/wp-content\/uploads\/2013\/03\/lagow4-1024x768.jpg\" class=\"attachment-large size-large\" alt=\"\" srcset=\"https:\/\/www.lagow.de\/wp-content\/uploads\/2013\/03\/lagow4-1024x768.jpg 1024w, https:\/\/www.lagow.de\/wp-content\/uploads\/2013\/03\/lagow4-300x225.jpg 300w, https:\/\/www.lagow.de\/wp-content\/uploads\/2013\/03\/lagow4-400x300.jpg 400w, https:\/\/www.lagow.de\/wp-content\/uploads\/2013\/03\/lagow4.jpg 1600w\" sizes=\"auto, (max-width: 584px) 100vw, 584px\" \/>\n\t\t\t<\/dt><\/dl><dl class='gallery-item'>\n\t\t\t<dt class='gallery-icon portrait'>\n\t\t\t\t<img loading=\"lazy\" decoding=\"async\" width=\"584\" height=\"779\" src=\"https:\/\/www.lagow.de\/wp-content\/uploads\/2013\/03\/wak07_0530-768x1024.jpg\" class=\"attachment-large size-large\" alt=\"\" srcset=\"https:\/\/www.lagow.de\/wp-content\/uploads\/2013\/03\/wak07_0530-768x1024.jpg 768w, https:\/\/www.lagow.de\/wp-content\/uploads\/2013\/03\/wak07_0530-225x300.jpg 225w, https:\/\/www.lagow.de\/wp-content\/uploads\/2013\/03\/wak07_0530.jpg 1200w\" sizes=\"auto, (max-width: 584px) 100vw, 584px\" \/>\n\t\t\t<\/dt><\/dl><br style=\"clear: both\" \/><dl class='gallery-item'>\n\t\t\t<dt class='gallery-icon landscape'>\n\t\t\t\t<img loading=\"lazy\" decoding=\"async\" width=\"584\" height=\"438\" src=\"https:\/\/www.lagow.de\/wp-content\/uploads\/2013\/03\/wak07_0610-1024x768.jpg\" class=\"attachment-large size-large\" alt=\"\" srcset=\"https:\/\/www.lagow.de\/wp-content\/uploads\/2013\/03\/wak07_0610-1024x768.jpg 1024w, https:\/\/www.lagow.de\/wp-content\/uploads\/2013\/03\/wak07_0610-300x225.jpg 300w, https:\/\/www.lagow.de\/wp-content\/uploads\/2013\/03\/wak07_0610-400x300.jpg 400w, https:\/\/www.lagow.de\/wp-content\/uploads\/2013\/03\/wak07_0610.jpg 1600w\" sizes=\"auto, (max-width: 584px) 100vw, 584px\" \/>\n\t\t\t<\/dt><\/dl><dl class='gallery-item'>\n\t\t\t<dt class='gallery-icon landscape'>\n\t\t\t\t<img loading=\"lazy\" decoding=\"async\" width=\"584\" height=\"438\" src=\"https:\/\/www.lagow.de\/wp-content\/uploads\/2013\/03\/Zamek_Joannitow_w_Lagowie-1024x768.jpg\" class=\"attachment-large size-large\" alt=\"\" srcset=\"https:\/\/www.lagow.de\/wp-content\/uploads\/2013\/03\/Zamek_Joannitow_w_Lagowie-1024x768.jpg 1024w, https:\/\/www.lagow.de\/wp-content\/uploads\/2013\/03\/Zamek_Joannitow_w_Lagowie-300x225.jpg 300w, https:\/\/www.lagow.de\/wp-content\/uploads\/2013\/03\/Zamek_Joannitow_w_Lagowie-400x300.jpg 400w, https:\/\/www.lagow.de\/wp-content\/uploads\/2013\/03\/Zamek_Joannitow_w_Lagowie.jpg 1600w\" sizes=\"auto, (max-width: 584px) 100vw, 584px\" \/>\n\t\t\t<\/dt><\/dl>\n\t\t\t<br style='clear: both' \/>\n\t\t<\/div>\n\n<p style=\"text-align: center;\"><div id=\"wpgmza_map\" class=\"wpgmza_map\" data-settings='{\"id\":\"1\",\"map_title\":\"Lagow\",\"map_width\":\"600\",\"map_height\":\"400\",\"map_start_lat\":\"52.346438\",\"map_start_lng\":\"15.279215\",\"map_start_location\":\"52.34643773510278,15.279215354492175\",\"map_start_zoom\":\"12\",\"default_marker\":\"\",\"type\":\"1\",\"alignment\":\"2\",\"directions_enabled\":\"0\",\"styling_enabled\":\"0\",\"styling_json\":\"\",\"active\":\"0\",\"kml\":\"\",\"bicycle\":\"0\",\"traffic\":\"0\",\"dbox\":\"0\",\"dbox_width\":\"\",\"listmarkers\":\"0\",\"listmarkers_advanced\":\"0\",\"ugm_enabled\":\"0\",\"fusion\":\"\",\"map_width_type\":\"px\",\"map_height_type\":\"px\",\"mass_marker_support\":\"1\",\"filterbycat\":\"0\",\"ugm_category_enabled\":\"0\",\"ugm_access\":\"0\",\"order_markers_by\":\"0\",\"order_markers_choice\":\"0\",\"show_user_location\":\"0\",\"default_to\":\"\",\"other_settings\":{\"transport_layer\":null}}' data-map-id='1' Data-maps-engine='' data-shortcode-attributes='{\"id\":\"1\"}' style=\"display:block; overflow:auto; width:600px; height:400px; float:left;\"><\/div><\/p>\n","protected":false},"excerpt":{"rendered":"<p>Lagow ist ein wundersch\u00f6ner kleiner Ort mitten im naturgesch\u00fctzten Wald. Er liegt nur 45km von Frankfurt (Oder) entfernt. Im Ortskern gibt es eine Verbindung zwischen beiden Gletscherseen und so kann man, z.B. mit einem Tretbot, bequem beide Gew\u00e4sser erforschen. Es &hellip; <a href=\"https:\/\/www.lagow.de\/?page_id=54\">Weiterlesen <span class=\"meta-nav\">&rarr;<\/span><\/a><\/p>\n","protected":false},"author":1,"featured_media":0,"parent":0,"menu_order":1,"comment_status":"closed","ping_status":"closed","template":"showcase.php","meta":{"footnotes":""},"class_list":["post-54","page","type-page","status-publish","hentry"],"_links":{"self":[{"href":"https:\/\/www.lagow.de\/index.php?rest_route=\/wp\/v2\/pages\/54","targetHints":{"allow":["GET"]}}],"collection":[{"href":"https:\/\/www.lagow.de\/index.php?rest_route=\/wp\/v2\/pages"}],"about":[{"href":"https:\/\/www.lagow.de\/index.php?rest_route=\/wp\/v2\/types\/page"}],"author":[{"embeddable":true,"href":"https:\/\/www.lagow.de\/index.php?rest_route=\/wp\/v2\/users\/1"}],"replies":[{"embeddable":true,"href":"https:\/\/www.lagow.de\/index.php?rest_route=%2Fwp%2Fv2%2Fcomments&post=54"}],"version-history":[{"count":12,"href":"https:\/\/www.lagow.de\/index.php?rest_route=\/wp\/v2\/pages\/54\/revisions"}],"predecessor-version":[{"id":381,"href":"https:\/\/www.lagow.de\/index.php?rest_route=\/wp\/v2\/pages\/54\/revisions\/381"}],"wp:attachment":[{"href":"https:\/\/www.lagow.de\/index.php?rest_route=%2Fwp%2Fv2%2Fmedia&parent=54"}],"curies":[{"name":"wp","href":"https:\/\/api.w.org\/{rel}","templated":true}]}}